{"id":796,"date":"2015-10-27T14:47:35","date_gmt":"2015-10-27T13:47:35","guid":{"rendered":"http:\/\/www.anticalocandaluigina.com\/faq-2\/"},"modified":"2023-02-16T10:18:06","modified_gmt":"2023-02-16T09:18:06","slug":"faq","status":"publish","type":"page","link":"https:\/\/www.anticalocandaluigina.com\/fr\/faq\/","title":{"rendered":"FAQ"},"content":{"rendered":"<h3>\u00c0 quelle heure le petit d\u00e9jeuner est-il servi\u00a0?<\/h3>\n<p>De 8h00 \u00e0 10h00. Apr\u00e8s 10h00, le bar de la Locanda est \u00e0 votre disposition.<\/p>\n<h3>Quelles sont les heures d&rsquo;ouverture du restaurant\u00a0?<\/h3>\n<p>De 12h00 \u00e0 14h30 pour le d\u00e9jeuner, de 19h30 \u00e0 21h30 pour le d\u00eener.<\/p>\n<h3>Quelles sont les heures d&rsquo;arriv\u00e9e\u00a0?<\/h3>\n<p>De 13h00 \u00e0 23h00.<\/p>\n<h3>Quelles sont les heures de d\u00e9part\u00a0?<\/h3>\n<p>Avant 10h00.<\/p>\n<h3>Combien payent les enfants\u00a0?<\/h3>\n<p>Gratuit jusqu&rsquo;\u00e0 3 ans dans un berceau\/lit parapluie ; de 3 \u00e0 6 ans, 50\u00a0% de remise sur toutes les prestations (nuit et restauration)\u00a0; de 6 \u00e0 12 ans 30\u00a0% de r\u00e9duction.<\/p>\n<h3>Y-a-t-il un horaire de fermeture \u00e0 la Locanda\u00a0? Peut-on rentrer apr\u00e8s l&rsquo;heure de fermeture\u00a0?<\/h3>\n<p>La Locanda est ferm\u00e9e de 23h00 \u00e0 06h00. Le client se verra remettre une seconde cl\u00e9 qui lui permettra de rentrer librement par la porte arri\u00e8re. \u00c0 l&rsquo;entr\u00e9e, il y a un t\u00e9l\u00e9phone pour les appels de nuit en cas de besoin.<\/p>\n<h3>Quelles sont les plages les plus proches\u00a0?<\/h3>\n<p>Levanto; Deiva Marina; Moneglia; Sestri Levante et Monte Rosso. Elles se trouvent de 16 \u00e0 25 km.<\/p>\n<h3>Des menus \u00e0 base de poisson sont-ils propos\u00e9s\u00a0?<\/h3>\n<p>Sur demande, il est possible d&rsquo;avoir des menus \u00e0 base de poisson \u00e0 condition de les r\u00e9server au moins 2 jours \u00e0 l&rsquo;avance ; ceux qui choisissent la demi pension auront la possibilit\u00e9 le soir de prendre une entr\u00e9e et un second plat \u00e0 base de poisson.<\/p>\n<h3>Quels sont les a\u00e9roports les plus proches\u00a0?<\/h3>\n<p>Celui de G\u00eanes ou celui de Pise.<\/p>\n<h3>\u00c0 quelle distance se trouve l&rsquo;entr\u00e9e de l&rsquo;autoroute\u00a0?<\/h3>\n<p>La sortie d&rsquo;autoroute la plus proche est \u00ab Carrodano \u00bb \u00e0 5 km.<\/p>\n","protected":false},"excerpt":{"rendered":"\u00c0 quelle heure le petit d\u00e9jeuner est-il servi\u00a0? De 8h00 \u00e0 10h00. Apr\u00e8s 10h00, le bar de la Locanda est \u00e0 votre disposition. Quelles sont les heures d&rsquo;ouverture du restaurant\u00a0? De 12h00 \u00e0 14h30 pour le d\u00e9jeuner, de 19h30 \u00e0 21h30 pour le d\u00eener. Quelles sont les heures d&rsquo;arriv\u00e9e\u00a0? De 13h00 \u00e0 23h00. Quelles sont&#8230; <a class=\"view-article\" href=\"https:\/\/www.anticalocandaluigina.com\/fr\/faq\/\">Voir l&rsquo;article<\/a>","protected":false},"author":1,"featured_media":0,"parent":0,"menu_order":0,"comment_status":"closed","ping_status":"closed","template":"","meta":{"_acf_changed":false,"footnotes":""},"class_list":["post-796","page","type-page","status-publish","hentry"],"acf":[],"yoast_head":"<!-- This site is optimized with the Yoast SEO plugin v23.4 - https:\/\/yoast.com\/wordpress\/plugins\/seo\/ -->\n<title>FAQ - Locanda Luigina<\/title>\n<meta name=\"robots\" content=\"index, follow, max-snippet:-1, max-image-preview:large, max-video-preview:-1\" \/>\n<link rel=\"canonical\" href=\"https:\/\/www.anticalocandaluigina.com\/faq\/\" \/>\n<meta property=\"og:locale\" content=\"fr_FR\" \/>\n<meta property=\"og:type\" content=\"article\" \/>\n<meta property=\"og:title\" content=\"FAQ - Locanda Luigina\" \/>\n<meta property=\"og:description\" content=\"\u00c0 quelle heure le petit d\u00e9jeuner est-il servi\u00a0? De 8h00 \u00e0 10h00. Apr\u00e8s 10h00, le bar de la Locanda est \u00e0 votre disposition. Quelles sont les heures d&rsquo;ouverture du restaurant\u00a0? De 12h00 \u00e0 14h30 pour le d\u00e9jeuner, de 19h30 \u00e0 21h30 pour le d\u00eener. Quelles sont les heures d&rsquo;arriv\u00e9e\u00a0? De 13h00 \u00e0 23h00. Quelles sont... Voir l&#039;article\" \/>\n<meta property=\"og:url\" content=\"https:\/\/www.anticalocandaluigina.com\/faq\/\" \/>\n<meta property=\"og:site_name\" content=\"Locanda Luigina\" \/>\n<meta property=\"article:modified_time\" content=\"2023-02-16T09:18:06+00:00\" \/>\n<meta name=\"twitter:card\" content=\"summary_large_image\" \/>\n<meta name=\"twitter:label1\" content=\"Dur\u00e9e de lecture estim\u00e9e\" \/>\n\t<meta name=\"twitter:data1\" content=\"2 minutes\" \/>\n<script type=\"application\/ld+json\" class=\"yoast-schema-graph\">{\"@context\":\"https:\/\/schema.org\",\"@graph\":[{\"@type\":\"WebPage\",\"@id\":\"https:\/\/www.anticalocandaluigina.com\/faq\/\",\"url\":\"https:\/\/www.anticalocandaluigina.com\/faq\/\",\"name\":\"FAQ - Locanda Luigina\",\"isPartOf\":{\"@id\":\"https:\/\/www.anticalocandaluigina.com\/#website\"},\"datePublished\":\"2015-10-27T13:47:35+00:00\",\"dateModified\":\"2023-02-16T09:18:06+00:00\",\"breadcrumb\":{\"@id\":\"https:\/\/www.anticalocandaluigina.com\/faq\/#breadcrumb\"},\"inLanguage\":\"fr-FR\",\"potentialAction\":[{\"@type\":\"ReadAction\",\"target\":[\"https:\/\/www.anticalocandaluigina.com\/faq\/\"]}]},{\"@type\":\"BreadcrumbList\",\"@id\":\"https:\/\/www.anticalocandaluigina.com\/faq\/#breadcrumb\",\"itemListElement\":[{\"@type\":\"ListItem\",\"position\":1,\"name\":\"Home\",\"item\":\"https:\/\/www.anticalocandaluigina.com\/fr\/\"},{\"@type\":\"ListItem\",\"position\":2,\"name\":\"FAQ\"}]},{\"@type\":\"WebSite\",\"@id\":\"https:\/\/www.anticalocandaluigina.com\/#website\",\"url\":\"https:\/\/www.anticalocandaluigina.com\/\",\"name\":\"Locanda Luigina\",\"description\":\"Un nuovo sito targato WordPress\",\"potentialAction\":[{\"@type\":\"SearchAction\",\"target\":{\"@type\":\"EntryPoint\",\"urlTemplate\":\"https:\/\/www.anticalocandaluigina.com\/?s={search_term_string}\"},\"query-input\":{\"@type\":\"PropertyValueSpecification\",\"valueRequired\":true,\"valueName\":\"search_term_string\"}}],\"inLanguage\":\"fr-FR\"}]}<\/script>\n<!-- \/ Yoast SEO plugin. -->","yoast_head_json":{"title":"FAQ - Locanda Luigina","robots":{"index":"index","follow":"follow","max-snippet":"max-snippet:-1","max-image-preview":"max-image-preview:large","max-video-preview":"max-video-preview:-1"},"canonical":"https:\/\/www.anticalocandaluigina.com\/faq\/","og_locale":"fr_FR","og_type":"article","og_title":"FAQ - Locanda Luigina","og_description":"\u00c0 quelle heure le petit d\u00e9jeuner est-il servi\u00a0? De 8h00 \u00e0 10h00. Apr\u00e8s 10h00, le bar de la Locanda est \u00e0 votre disposition. Quelles sont les heures d&rsquo;ouverture du restaurant\u00a0? De 12h00 \u00e0 14h30 pour le d\u00e9jeuner, de 19h30 \u00e0 21h30 pour le d\u00eener. Quelles sont les heures d&rsquo;arriv\u00e9e\u00a0? De 13h00 \u00e0 23h00. Quelles sont... Voir l'article","og_url":"https:\/\/www.anticalocandaluigina.com\/faq\/","og_site_name":"Locanda Luigina","article_modified_time":"2023-02-16T09:18:06+00:00","twitter_card":"summary_large_image","twitter_misc":{"Dur\u00e9e de lecture estim\u00e9e":"2 minutes"},"schema":{"@context":"https:\/\/schema.org","@graph":[{"@type":"WebPage","@id":"https:\/\/www.anticalocandaluigina.com\/faq\/","url":"https:\/\/www.anticalocandaluigina.com\/faq\/","name":"FAQ - Locanda Luigina","isPartOf":{"@id":"https:\/\/www.anticalocandaluigina.com\/#website"},"datePublished":"2015-10-27T13:47:35+00:00","dateModified":"2023-02-16T09:18:06+00:00","breadcrumb":{"@id":"https:\/\/www.anticalocandaluigina.com\/faq\/#breadcrumb"},"inLanguage":"fr-FR","potentialAction":[{"@type":"ReadAction","target":["https:\/\/www.anticalocandaluigina.com\/faq\/"]}]},{"@type":"BreadcrumbList","@id":"https:\/\/www.anticalocandaluigina.com\/faq\/#breadcrumb","itemListElement":[{"@type":"ListItem","position":1,"name":"Home","item":"https:\/\/www.anticalocandaluigina.com\/fr\/"},{"@type":"ListItem","position":2,"name":"FAQ"}]},{"@type":"WebSite","@id":"https:\/\/www.anticalocandaluigina.com\/#website","url":"https:\/\/www.anticalocandaluigina.com\/","name":"Locanda Luigina","description":"Un nuovo sito targato WordPress","potentialAction":[{"@type":"SearchAction","target":{"@type":"EntryPoint","urlTemplate":"https:\/\/www.anticalocandaluigina.com\/?s={search_term_string}"},"query-input":{"@type":"PropertyValueSpecification","valueRequired":true,"valueName":"search_term_string"}}],"inLanguage":"fr-FR"}]}},"_links":{"self":[{"href":"https:\/\/www.anticalocandaluigina.com\/fr\/wp-json\/wp\/v2\/pages\/796"}],"collection":[{"href":"https:\/\/www.anticalocandaluigina.com\/fr\/wp-json\/wp\/v2\/pages"}],"about":[{"href":"https:\/\/www.anticalocandaluigina.com\/fr\/wp-json\/wp\/v2\/types\/page"}],"author":[{"embeddable":true,"href":"https:\/\/www.anticalocandaluigina.com\/fr\/wp-json\/wp\/v2\/users\/1"}],"replies":[{"embeddable":true,"href":"https:\/\/www.anticalocandaluigina.com\/fr\/wp-json\/wp\/v2\/comments?post=796"}],"version-history":[{"count":3,"href":"https:\/\/www.anticalocandaluigina.com\/fr\/wp-json\/wp\/v2\/pages\/796\/revisions"}],"predecessor-version":[{"id":1563,"href":"https:\/\/www.anticalocandaluigina.com\/fr\/wp-json\/wp\/v2\/pages\/796\/revisions\/1563"}],"wp:attachment":[{"href":"https:\/\/www.anticalocandaluigina.com\/fr\/wp-json\/wp\/v2\/media?parent=796"}],"curies":[{"name":"wp","href":"https:\/\/api.w.org\/{rel}","templated":true}]}}